{"id":547,"date":"2025-06-30T04:26:15","date_gmt":"2025-06-30T04:26:15","guid":{"rendered":"https:\/\/lightseagreen-elephant-427819.hostingersite.com\/?page_id=547"},"modified":"2025-06-30T04:39:48","modified_gmt":"2025-06-30T04:39:48","slug":"cookie-policy","status":"publish","type":"page","link":"https:\/\/vandelay.es\/en\/cookie-policy\/","title":{"rendered":"Cookies policy"},"content":{"rendered":"<div data-elementor-type=\"wp-page\" data-elementor-id=\"547\" class=\"elementor elementor-547\" data-elementor-post-type=\"page\">\n\t\t\t\t<div class=\"elementor-element elementor-element-b70a39c e-flex e-con-boxed e-con e-parent\" data-id=\"b70a39c\" data-element_type=\"container\" data-e-type=\"container\">\n\t\t\t\t\t<div class=\"e-con-inner\">\n\t\t\t\t<div class=\"elementor-element elementor-element-73993b1 elementor-widget elementor-widget-html\" data-id=\"73993b1\" data-element_type=\"widget\" data-e-type=\"widget\" data-widget_type=\"html.default\">\n\t\t\t\t\t<body>\r\n\r\n    <main class=\"policy-container\">\r\n        <h1>Cookies policy<\/h1>\r\n        <p>In compliance with Directive 2009\/136\/EC, implemented in our legislation by the second paragraph of Article 22 of the Law on Information Society Services, following the guidelines of the Spanish Data Protection Agency, we proceed to inform you in detail of the use made of our website.<\/p>\r\n        <p>Cookies are small files that are recorded in the browser used by each visitor to our website so that the server can remember that user's visit at a later date when they access our content again. This information does not reveal your identity or any personal data, nor does it access the content stored on your computer, but it does allow our system to identify you as a specific user who has visited the website before, viewed certain pages, etc. and also allows us to save your personal preferences and technical information such as the visits made or specific pages you visit.<\/p>\r\n        <p>The purpose of cookies is to provide the User with faster access to the selected Services.<\/p>\r\n        <p>If you do not want cookies to be saved in your browser or you prefer to receive information each time a cookie requests to be installed, you can configure your browsing options so that this is done. Most browsers allow cookies to be managed in 3 different ways:<\/p>\r\n        <ul>\r\n            <li>Cookies are always rejected;<\/li>\r\n            <li>The browser asks whether the user wishes to install each cookie;<\/li>\r\n            <li>Cookies are always accepted;<\/li>\r\n        <\/ul>\r\n        <p>Your browser may also include the possibility to select in detail which cookies you want to be installed on your computer. Specifically, the user can normally accept one of the following options:<\/p>\r\n        <ul>\r\n            <li>refuse cookies from certain domains;<\/li>\r\n            <li>reject third party cookies;<\/li>\r\n            <li>accept cookies as non-persistent (they are deleted when the browser is closed);<\/li>\r\n            <li>allow the server to create cookies for a different domain.<\/li>\r\n        <\/ul>\r\n        <p>To allow, learn about, block or delete the cookies installed on your computer, you can do so by configuring the browser options installed on your computer.<\/p>\r\n        <p>Information on how to configure the most commonly used browsers can be found at the following locations:<\/p>\r\n        <ul>\r\n            <li><strong>Internet Explorer:<\/strong> Tools -&gt; Internet Options -&gt; Privacy -&gt; Settings. For more information, you can consult Microsoft support or the browser's Help.<\/li>\r\n            <li><strong>Firefox:<\/strong> Tools -&gt; Options -&gt; Privacy -&gt; History -&gt; Custom Settings. For more information, you can consult Mozilla support or the browser's Help.<\/li>\r\n            <li><strong>Chrome:<\/strong> Settings -&gt; Show advanced options -&gt; Privacy -&gt; Content settings. For more information, you can consult Google support or browser Help.<\/li>\r\n            <li><strong>Safari:<\/strong> Preferences -&gt; Security. For more information, you can consult Apple support or the browser's Help.<\/li>\r\n        <\/ul>\r\n        <p>With regard to third party cookies, i.e. those that are external to our website, we cannot be held responsible for the content and veracity of the privacy policies that they include, so the information that we offer is always with reference to the source.<\/p>\r\n\r\n        <h2>List of Cookies<\/h2>\r\n        <p>Below we inform you in detail of the cookies that may be installed from our website. Depending on your browsing experience, all or only some of them may be installed.<\/p>\r\n        \r\n        <table class=\"cookies-table\">\r\n            <thead>\r\n                <tr>\r\n                    <th>Name<\/th>\r\n                    <th>Category<\/th>\r\n                    <th>Description<\/th>\r\n                    <th>Property<\/th>\r\n                    <th>Duration<\/th>\r\n                <\/tr>\r\n            <\/thead>\r\n            <tbody>\r\n                <tr>\r\n                    <td>_ga<\/td>\r\n                    <td>Analysis<\/td>\r\n                    <td>It is used to distinguish users.<\/td>\r\n                    <td>Third parties<\/td>\r\n                    <td>2 years<\/td>\r\n                <\/tr>\r\n                <tr>\r\n                    <td>wordpress_<\/td>\r\n                    <td>Functionality<\/td>\r\n                    <td>It is activated during login and saves the authentication details.<\/td>\r\n                    <td>Own<\/td>\r\n                    <td>1 year<\/td>\r\n                <\/tr>\r\n                <tr>\r\n                    <td>wordpress_logged_in_<\/td>\r\n                    <td>Functionality<\/td>\r\n                    <td>It is activated during login and saves the authentication details.<\/td>\r\n                    <td>Own<\/td>\r\n                    <td>1 year<\/td>\r\n                <\/tr>\r\n                <tr>\r\n                    <td>wp-settings-<\/td>\r\n                    <td>Functionality<\/td>\r\n                    <td>Used to customise the User Interface.<\/td>\r\n                    <td>Own<\/td>\r\n                    <td>1 year<\/td>\r\n                <\/tr>\r\n                <tr>\r\n                    <td>wp-settings-time-<\/td>\r\n                    <td>Functionality<\/td>\r\n                    <td>Used to customise the User Interface.<\/td>\r\n                    <td>Own<\/td>\r\n                    <td>End of the session<\/td>\r\n                <\/tr>\r\n                <tr>\r\n                    <td>catAccCookies<\/td>\r\n                    <td>Functionality<\/td>\r\n                    <td>Contains a code to verify that the cookie policy has been accepted.<\/td>\r\n                    <td>Own<\/td>\r\n                    <td>1 day<\/td>\r\n                <\/tr>\r\n                <tr>\r\n                    <td>__smVID<\/td>\r\n                    <td>Functionality<\/td>\r\n                    <td>We do not know the origin of the cookie<\/td>\r\n                    <td>Third parties<\/td>\r\n                    <td>We do not know the origin of the cookie<\/td>\r\n                <\/tr>\r\n                <tr>\r\n                    <td>wp-saving-post<\/td>\r\n                    <td>Functionality<\/td>\r\n                    <td>We do not know the origin of the cookie<\/td>\r\n                    <td>Third parties<\/td>\r\n                    <td>We do not know the origin of the cookie<\/td>\r\n                <\/tr>\r\n                <tr>\r\n                    <td>viewed_cookie_policy<\/td>\r\n                    <td>Functionality<\/td>\r\n                    <td>We do not know the origin of the cookie<\/td>\r\n                    <td>Third parties<\/td>\r\n                    <td>We do not know the origin of the cookie<\/td>\r\n                <\/tr>\r\n                <tr>\r\n                    <td>__atssc<\/td>\r\n                    <td>Functionality<\/td>\r\n                    <td>We do not know the origin of the cookie<\/td>\r\n                    <td>Third parties<\/td>\r\n                    <td>We do not know the origin of the cookie<\/td>\r\n                <\/tr>\r\n                <tr>\r\n                    <td>km_ai<\/td>\r\n                    <td>Functionality<\/td>\r\n                    <td>We do not know the origin of the cookie<\/td>\r\n                    <td>Third parties<\/td>\r\n                    <td>We do not know the origin of the cookie<\/td>\r\n                <\/tr>\r\n                <tr>\r\n                    <td>km_lv<\/td>\r\n                    <td>Functionality<\/td>\r\n                    <td>We do not know the origin of the cookie<\/td>\r\n                    <td>Third parties<\/td>\r\n                    <td>We do not know the origin of the cookie<\/td>\r\n                <\/tr>\r\n                <tr>\r\n                    <td>wfwaf-authcookie-e0aedec42a71d79447676a101ec7f5af<\/td>\r\n                    <td>Functionality<\/td>\r\n                    <td>We do not know the origin of the cookie<\/td>\r\n                    <td>Third parties<\/td>\r\n                    <td>We do not know the origin of the cookie<\/td>\r\n                <\/tr>\r\n                 <tr>\r\n                    <td>__smToken<\/td>\r\n                    <td>Functionality<\/td>\r\n                    <td>We do not know the origin of the cookie<\/td>\r\n                    <td>Third parties<\/td>\r\n                    <td>We do not know the origin of the cookie<\/td>\r\n                <\/tr>\r\n                <tr>\r\n                    <td>__atuvc<\/td>\r\n                    <td>Functionality<\/td>\r\n                    <td>We do not know the origin of the cookie<\/td>\r\n                    <td>Third parties<\/td>\r\n                    <td>We do not know the origin of the cookie<\/td>\r\n                <\/tr>\r\n                 <tr>\r\n                    <td>__atuvs<\/td>\r\n                    <td>Functionality<\/td>\r\n                    <td>We do not know the origin of the cookie<\/td>\r\n                    <td>Third parties<\/td>\r\n                    <td>We do not know the origin of the cookie<\/td>\r\n                <\/tr>\r\n                 <tr>\r\n                    <td>_drip_client_6994213<\/td>\r\n                    <td>Functionality<\/td>\r\n                    <td>We do not know the origin of the cookie<\/td>\r\n                    <td>Third parties<\/td>\r\n                    <td>We do not know the origin of the cookie<\/td>\r\n                <\/tr>\r\n            <\/tbody>\r\n        <\/table>\r\n\r\n        <h2>Changes to the Policy<\/h2>\r\n        <p>This Cookies Policy may be modified according to legislative or regulatory requirements, or with the aim of adapting said policy to the instructions issued by the Spanish Data Protection Agency, for which reason Users are advised to visit it periodically.<\/p>\r\n        <p>When significant changes are made to this Cookies Policy, they will be communicated to Users either through the website or by e-mail to registered Users.<\/p>\r\n\r\n    <\/main>\r\n\r\n<\/body>\r\n<\/html>\r\n\t\t\t\t<\/div>\n\t\t\t\t\t<\/div>\n\t\t\t\t<\/div>\n\t\t\t\t<\/div>","protected":false},"excerpt":{"rendered":"<p>Cookies policy In compliance with Directive 2009\/136\/EC, implemented in our legislation by the second paragraph of Article 22 of the Law on Information Society Services, following the guidelines of the Spanish Data Protection Agency, we proceed to inform you in detail of the use that is made of our website. They are called [...]<\/p>","protected":false},"author":1,"featured_media":0,"parent":0,"menu_order":0,"comment_status":"closed","ping_status":"closed","template":"","meta":{"footnotes":""},"class_list":["post-547","page","type-page","status-publish","hentry"],"yoast_head":"<!-- This site is optimized with the Yoast SEO Premium plugin v25.3.1 (Yoast SEO v25.3.1) - https:\/\/yoast.com\/wordpress\/plugins\/seo\/ -->\n<title>Pol\u00edtica de cookies - Vandelay<\/title>\n<meta name=\"robots\" content=\"index, follow, max-snippet:-1, max-image-preview:large, max-video-preview:-1\" \/>\n<link rel=\"canonical\" href=\"https:\/\/vandelay.es\/en\/cookie-policy\/\" \/>\n<meta property=\"og:locale\" content=\"en_GB\" \/>\n<meta property=\"og:type\" content=\"article\" \/>\n<meta property=\"og:title\" content=\"Pol\u00edtica de cookies\" \/>\n<meta property=\"og:description\" content=\"Pol\u00edtica de cookies En cumplimiento de la Directiva 2009\/136\/CE, desarrollada en nuestro ordenamiento por el apartado segundo del art\u00edculo 22 de la Ley de Servicios de Sociedad de la Informaci\u00f3n, siguiendo las directrices de la Agencia Espa\u00f1ola de Protecci\u00f3n de Datos, procedemos a informarle detalladamente del uso que se realiza en nuestra web. Se denominan [&hellip;]\" \/>\n<meta property=\"og:url\" content=\"https:\/\/vandelay.es\/en\/cookie-policy\/\" \/>\n<meta property=\"og:site_name\" content=\"Vandelay\" \/>\n<meta property=\"article:publisher\" content=\"https:\/\/www.facebook.com\/vandelaydigitalmarketingagency\" \/>\n<meta property=\"article:modified_time\" content=\"2025-06-30T04:39:48+00:00\" \/>\n<meta name=\"twitter:card\" content=\"summary_large_image\" \/>\n<meta name=\"twitter:label1\" content=\"Estimated reading time\" \/>\n\t<meta name=\"twitter:data1\" content=\"5 minutes\" \/>\n<script type=\"application\/ld+json\" class=\"yoast-schema-graph\">{\"@context\":\"https:\/\/schema.org\",\"@graph\":[{\"@type\":\"WebPage\",\"@id\":\"https:\/\/vandelay.es\/politica-de-cookies\/\",\"url\":\"https:\/\/vandelay.es\/politica-de-cookies\/\",\"name\":\"Pol\u00edtica de cookies - Vandelay\",\"isPartOf\":{\"@id\":\"https:\/\/vandelay.es\/#website\"},\"datePublished\":\"2025-06-30T04:26:15+00:00\",\"dateModified\":\"2025-06-30T04:39:48+00:00\",\"breadcrumb\":{\"@id\":\"https:\/\/vandelay.es\/politica-de-cookies\/#breadcrumb\"},\"inLanguage\":\"en-GB\",\"potentialAction\":[{\"@type\":\"ReadAction\",\"target\":[\"https:\/\/vandelay.es\/politica-de-cookies\/\"]}]},{\"@type\":\"BreadcrumbList\",\"@id\":\"https:\/\/vandelay.es\/politica-de-cookies\/#breadcrumb\",\"itemListElement\":[{\"@type\":\"ListItem\",\"position\":1,\"name\":\"Inicio\",\"item\":\"https:\/\/vandelay.es\/\"},{\"@type\":\"ListItem\",\"position\":2,\"name\":\"Pol\u00edtica de cookies\"}]},{\"@type\":\"WebSite\",\"@id\":\"https:\/\/vandelay.es\/#website\",\"url\":\"https:\/\/vandelay.es\/\",\"name\":\"Vandelay\",\"description\":\"Marketing digital estrat\u00e9gico\",\"publisher\":{\"@id\":\"https:\/\/vandelay.es\/#organization\"},\"potentialAction\":[{\"@type\":\"SearchAction\",\"target\":{\"@type\":\"EntryPoint\",\"urlTemplate\":\"https:\/\/vandelay.es\/?s={search_term_string}\"},\"query-input\":{\"@type\":\"PropertyValueSpecification\",\"valueRequired\":true,\"valueName\":\"search_term_string\"}}],\"inLanguage\":\"en-GB\"},{\"@type\":\"Organization\",\"@id\":\"https:\/\/vandelay.es\/#organization\",\"name\":\"Vandelay\",\"url\":\"https:\/\/vandelay.es\/\",\"logo\":{\"@type\":\"ImageObject\",\"inLanguage\":\"en-GB\",\"@id\":\"https:\/\/vandelay.es\/#\/schema\/logo\/image\/\",\"url\":\"https:\/\/vandelay.es\/wp-content\/uploads\/2025\/06\/Logo-Vandelay.png\",\"contentUrl\":\"https:\/\/vandelay.es\/wp-content\/uploads\/2025\/06\/Logo-Vandelay.png\",\"width\":1280,\"height\":1265,\"caption\":\"Vandelay\"},\"image\":{\"@id\":\"https:\/\/vandelay.es\/#\/schema\/logo\/image\/\"},\"sameAs\":[\"https:\/\/www.facebook.com\/vandelaydigitalmarketingagency\",\"https:\/\/www.instagram.com\/vandelay_agency\/\",\"https:\/\/www.linkedin.com\/company\/vandelay-digital-marketing-agency\/\"],\"email\":\"vandelay@vandelay.es\",\"telephone\":\"630 866 877\"}]}<\/script>\n<!-- \/ Yoast SEO Premium plugin. -->","yoast_head_json":{"title":"Cookie policy - Vandelay","robots":{"index":"index","follow":"follow","max-snippet":"max-snippet:-1","max-image-preview":"max-image-preview:large","max-video-preview":"max-video-preview:-1"},"canonical":"https:\/\/vandelay.es\/en\/cookie-policy\/","og_locale":"en_GB","og_type":"article","og_title":"Pol\u00edtica de cookies","og_description":"Pol\u00edtica de cookies En cumplimiento de la Directiva 2009\/136\/CE, desarrollada en nuestro ordenamiento por el apartado segundo del art\u00edculo 22 de la Ley de Servicios de Sociedad de la Informaci\u00f3n, siguiendo las directrices de la Agencia Espa\u00f1ola de Protecci\u00f3n de Datos, procedemos a informarle detalladamente del uso que se realiza en nuestra web. Se denominan [&hellip;]","og_url":"https:\/\/vandelay.es\/en\/cookie-policy\/","og_site_name":"Vandelay","article_publisher":"https:\/\/www.facebook.com\/vandelaydigitalmarketingagency","article_modified_time":"2025-06-30T04:39:48+00:00","twitter_card":"summary_large_image","twitter_misc":{"Estimated reading time":"5 minutes"},"schema":{"@context":"https:\/\/schema.org","@graph":[{"@type":"WebPage","@id":"https:\/\/vandelay.es\/politica-de-cookies\/","url":"https:\/\/vandelay.es\/politica-de-cookies\/","name":"Cookie policy - Vandelay","isPartOf":{"@id":"https:\/\/vandelay.es\/#website"},"datePublished":"2025-06-30T04:26:15+00:00","dateModified":"2025-06-30T04:39:48+00:00","breadcrumb":{"@id":"https:\/\/vandelay.es\/politica-de-cookies\/#breadcrumb"},"inLanguage":"en-GB","potentialAction":[{"@type":"ReadAction","target":["https:\/\/vandelay.es\/politica-de-cookies\/"]}]},{"@type":"BreadcrumbList","@id":"https:\/\/vandelay.es\/politica-de-cookies\/#breadcrumb","itemListElement":[{"@type":"ListItem","position":1,"name":"Inicio","item":"https:\/\/vandelay.es\/"},{"@type":"ListItem","position":2,"name":"Pol\u00edtica de cookies"}]},{"@type":"WebSite","@id":"https:\/\/vandelay.es\/#website","url":"https:\/\/vandelay.es\/","name":"Vandelay","description":"Strategic digital marketing","publisher":{"@id":"https:\/\/vandelay.es\/#organization"},"potentialAction":[{"@type":"SearchAction","target":{"@type":"EntryPoint","urlTemplate":"https:\/\/vandelay.es\/?s={search_term_string}"},"query-input":{"@type":"PropertyValueSpecification","valueRequired":true,"valueName":"search_term_string"}}],"inLanguage":"en-GB"},{"@type":"Organization","@id":"https:\/\/vandelay.es\/#organization","name":"Vandelay","url":"https:\/\/vandelay.es\/","logo":{"@type":"ImageObject","inLanguage":"en-GB","@id":"https:\/\/vandelay.es\/#\/schema\/logo\/image\/","url":"https:\/\/vandelay.es\/wp-content\/uploads\/2025\/06\/Logo-Vandelay.png","contentUrl":"https:\/\/vandelay.es\/wp-content\/uploads\/2025\/06\/Logo-Vandelay.png","width":1280,"height":1265,"caption":"Vandelay"},"image":{"@id":"https:\/\/vandelay.es\/#\/schema\/logo\/image\/"},"sameAs":["https:\/\/www.facebook.com\/vandelaydigitalmarketingagency","https:\/\/www.instagram.com\/vandelay_agency\/","https:\/\/www.linkedin.com\/company\/vandelay-digital-marketing-agency\/"],"email":"vandelay@vandelay.es","telephone":"630 866 877"}]}},"_links":{"self":[{"href":"https:\/\/vandelay.es\/en\/wp-json\/wp\/v2\/pages\/547","targetHints":{"allow":["GET"]}}],"collection":[{"href":"https:\/\/vandelay.es\/en\/wp-json\/wp\/v2\/pages"}],"about":[{"href":"https:\/\/vandelay.es\/en\/wp-json\/wp\/v2\/types\/page"}],"author":[{"embeddable":true,"href":"https:\/\/vandelay.es\/en\/wp-json\/wp\/v2\/users\/1"}],"replies":[{"embeddable":true,"href":"https:\/\/vandelay.es\/en\/wp-json\/wp\/v2\/comments?post=547"}],"version-history":[{"count":7,"href":"https:\/\/vandelay.es\/en\/wp-json\/wp\/v2\/pages\/547\/revisions"}],"predecessor-version":[{"id":564,"href":"https:\/\/vandelay.es\/en\/wp-json\/wp\/v2\/pages\/547\/revisions\/564"}],"wp:attachment":[{"href":"https:\/\/vandelay.es\/en\/wp-json\/wp\/v2\/media?parent=547"}],"curies":[{"name":"wp","href":"https:\/\/api.w.org\/{rel}","templated":true}]}}