{"id":549,"date":"2025-06-30T04:26:23","date_gmt":"2025-06-30T04:26:23","guid":{"rendered":"https:\/\/lightseagreen-elephant-427819.hostingersite.com\/?page_id=549"},"modified":"2025-10-27T11:00:17","modified_gmt":"2025-10-27T09:00:17","slug":"general-conditions","status":"publish","type":"page","link":"https:\/\/vandelay.es\/en\/general-conditions\/","title":{"rendered":"General terms and conditions"},"content":{"rendered":"<div data-elementor-type=\"wp-page\" data-elementor-id=\"549\" class=\"elementor elementor-549\" data-elementor-post-type=\"page\">\n\t\t\t\t<div class=\"elementor-element elementor-element-1572e4a e-flex e-con-boxed e-con e-parent\" data-id=\"1572e4a\" data-element_type=\"container\" data-e-type=\"container\">\n\t\t\t\t\t<div class=\"e-con-inner\">\n\t\t\t\t<div class=\"elementor-element elementor-element-f100db6 elementor-widget elementor-widget-html\" data-id=\"f100db6\" data-element_type=\"widget\" data-e-type=\"widget\" data-widget_type=\"html.default\">\n\t\t\t\t\t<body>\r\n\r\n    <main class=\"policy-container\">\r\n        <h1>General terms and conditions<\/h1>\r\n\r\n        <h2>1. VALIDITY<\/h2>\r\n        <p>Our quotations are valid for 15 days from the date of submission. Acceptance of the quotation will be understood as the moment of approval by the client via email or with the payment of the first agreed instalment. Once the development of the project is underway, the client may not exceed a period of more than 2 months to send the feedback document to the agency for the work presented. If this period of time is exceeded, when the client reactivates the project, the agency will present a new budget to continue with the development of the project.<\/p>\r\n\r\n        <h2>2. INVOICING AND PAYMENTS<\/h2>\r\n        \r\n        <h4>WEB PROJECTS<\/h4>\r\n        <ul>\r\n            <li>50% at the time of acceptance of the quotation.<\/li>\r\n            <li>25% once the design has been approved, prior to web programming.<\/li>\r\n            <li>25% once the project has been approved, before publishing to the client's server.<\/li>\r\n        <\/ul>\r\n\r\n        <h4>FOR OTHER DESIGN PROJECTS<\/h4>\r\n        <ul>\r\n            <li>50% On acceptance of the quotation.<\/li>\r\n            <li>50% On completion of work.<\/li>\r\n        <\/ul>\r\n\r\n        <h4>FOR MONTHLY FEE<\/h4>\r\n        <p>Monthly fee payments are made on the 1st of each month, in advance of the month of work, the fee covers the work to be carried out in the coming month. With the exception of the first month, payment will be made on the day the work begins.<\/p>\r\n        <p>The amount of the investment made in Google or other companies such as Facebook... to carry out the Google Ads or Social Ads campaigns... will be charged to the client's account directly by the companies (Google, Facebook, ...).<\/p>\r\n        <p>Our contracts have a minimum duration of 3 months. The client can terminate the collaboration at any time, but only with one month's notice.<\/p>\r\n        <p><strong>Method of payment:<\/strong> Bank transfer<\/p>\r\n        <p>Vandelay reserves the right to temporarily cancel the project if any of the payments are delayed for more than 15 days.<\/p>\r\n\r\n        <h2>3. CONTENT DELIVERY<\/h2>\r\n        <p>In case of delivery of content by the customer, Vandelay is not responsible for the intellectual rights and veracity of the content, as well as the corrections of the texts sent by the customer.<\/p>\r\n        <p>Vandelay reserves the right to modify the times set out in this document in the event of late delivery of content by the customer.<\/p>\r\n        <p>If the publication of the website is delayed from the agreed work schedule by more than 30 days due to the client's causes, Vandelay will terminate the project and the client will have to pay the outstanding fees.<\/p>\r\n\r\n        <h2>4. CHANGES AND MODIFICATIONS<\/h2>\r\n        <p>In the design phase, all the changes requested by the client will be implemented in the document delivered to Vandelay after reviewing the design presented in PDF, understanding the design proposal as definitive. In the programming phase, all the changes requested by the client will be implemented in the document delivered to Vandelay after the programming review. In this phase, neither design nor structure changes will be implemented, but programming and functionality changes will be implemented.<\/p>\r\n\r\n        <h2>5. HOSTING<\/h2>\r\n        <p>If Vandelay has to publish the website on a server provided by the client, and this server has problems in the publication that require our separate action, we will invoice the hours allocated for this purpose. The publication of the website on our recommended server, Ionos, is included in the budget.<\/p>\r\n\r\n        <h2>6. GUARANTEE<\/h2>\r\n        <p>Once the website has been published on your hosting, the client has a two-month guarantee period to inform us of any possible incidents. Any modifications made by the client himself, or commissioned to third parties, invalidate the guarantee on the entire project.<\/p>\r\n\r\n    <\/main>\r\n\r\n<\/body>\r\n<\/html>\t\t\t\t<\/div>\n\t\t\t\t\t<\/div>\n\t\t\t\t<\/div>\n\t\t<div class=\"elementor-element elementor-element-8594409 e-flex e-con-boxed e-con e-parent\" data-id=\"8594409\" data-element_type=\"container\" data-e-type=\"container\">\n\t\t\t\t\t<div class=\"e-con-inner\">\n\t\t\t\t\t<\/div>\n\t\t\t\t<\/div>\n\t\t\t\t<\/div>","protected":false},"excerpt":{"rendered":"<p>Condiciones Generales 1. VIGENCIA Nuestros presupuestos tienen una vigencia de 15 d\u00edas desde su presentaci\u00f3n. La aceptaci\u00f3n del presupuesto se entender\u00e1 en el momento de la aprobaci\u00f3n por parte del cliente v\u00eda email o con el pago de la primera cuota acordada. Una vez est\u00e1 en curso el desarrollo del proyecto, no podr\u00e1 superarse por [&hellip;]<\/p>","protected":false},"author":1,"featured_media":0,"parent":0,"menu_order":0,"comment_status":"closed","ping_status":"closed","template":"","meta":{"footnotes":""},"class_list":["post-549","page","type-page","status-publish","hentry"],"yoast_head":"<!-- This site is optimized with the Yoast SEO Premium plugin v25.3.1 (Yoast SEO v25.3.1) - https:\/\/yoast.com\/wordpress\/plugins\/seo\/ -->\n<title>Condiciones Generales - Vandelay<\/title>\n<meta name=\"robots\" content=\"index, follow, max-snippet:-1, max-image-preview:large, max-video-preview:-1\" \/>\n<link rel=\"canonical\" href=\"https:\/\/vandelay.es\/en\/general-conditions\/\" \/>\n<meta property=\"og:locale\" content=\"en_GB\" \/>\n<meta property=\"og:type\" content=\"article\" \/>\n<meta property=\"og:title\" content=\"Condiciones Generales\" \/>\n<meta property=\"og:description\" content=\"Condiciones Generales 1. VIGENCIA Nuestros presupuestos tienen una vigencia de 15 d\u00edas desde su presentaci\u00f3n. La aceptaci\u00f3n del presupuesto se entender\u00e1 en el momento de la aprobaci\u00f3n por parte del cliente v\u00eda email o con el pago de la primera cuota acordada. Una vez est\u00e1 en curso el desarrollo del proyecto, no podr\u00e1 superarse por [&hellip;]\" \/>\n<meta property=\"og:url\" content=\"https:\/\/vandelay.es\/en\/general-conditions\/\" \/>\n<meta property=\"og:site_name\" content=\"Vandelay\" \/>\n<meta property=\"article:publisher\" content=\"https:\/\/www.facebook.com\/vandelaydigitalmarketingagency\" \/>\n<meta property=\"article:modified_time\" content=\"2025-10-27T09:00:17+00:00\" \/>\n<meta name=\"twitter:card\" content=\"summary_large_image\" \/>\n<meta name=\"twitter:label1\" content=\"Estimated reading time\" \/>\n\t<meta name=\"twitter:data1\" content=\"3 minutes\" \/>\n<script type=\"application\/ld+json\" class=\"yoast-schema-graph\">{\"@context\":\"https:\/\/schema.org\",\"@graph\":[{\"@type\":\"WebPage\",\"@id\":\"https:\/\/vandelay.es\/condiciones-generales\/\",\"url\":\"https:\/\/vandelay.es\/condiciones-generales\/\",\"name\":\"Condiciones Generales - Vandelay\",\"isPartOf\":{\"@id\":\"https:\/\/vandelay.es\/#website\"},\"datePublished\":\"2025-06-30T04:26:23+00:00\",\"dateModified\":\"2025-10-27T09:00:17+00:00\",\"breadcrumb\":{\"@id\":\"https:\/\/vandelay.es\/condiciones-generales\/#breadcrumb\"},\"inLanguage\":\"en-GB\",\"potentialAction\":[{\"@type\":\"ReadAction\",\"target\":[\"https:\/\/vandelay.es\/condiciones-generales\/\"]}]},{\"@type\":\"BreadcrumbList\",\"@id\":\"https:\/\/vandelay.es\/condiciones-generales\/#breadcrumb\",\"itemListElement\":[{\"@type\":\"ListItem\",\"position\":1,\"name\":\"Inicio\",\"item\":\"https:\/\/vandelay.es\/\"},{\"@type\":\"ListItem\",\"position\":2,\"name\":\"Condiciones Generales\"}]},{\"@type\":\"WebSite\",\"@id\":\"https:\/\/vandelay.es\/#website\",\"url\":\"https:\/\/vandelay.es\/\",\"name\":\"Vandelay\",\"description\":\"Marketing digital estrat\u00e9gico\",\"publisher\":{\"@id\":\"https:\/\/vandelay.es\/#organization\"},\"potentialAction\":[{\"@type\":\"SearchAction\",\"target\":{\"@type\":\"EntryPoint\",\"urlTemplate\":\"https:\/\/vandelay.es\/?s={search_term_string}\"},\"query-input\":{\"@type\":\"PropertyValueSpecification\",\"valueRequired\":true,\"valueName\":\"search_term_string\"}}],\"inLanguage\":\"en-GB\"},{\"@type\":\"Organization\",\"@id\":\"https:\/\/vandelay.es\/#organization\",\"name\":\"Vandelay\",\"url\":\"https:\/\/vandelay.es\/\",\"logo\":{\"@type\":\"ImageObject\",\"inLanguage\":\"en-GB\",\"@id\":\"https:\/\/vandelay.es\/#\/schema\/logo\/image\/\",\"url\":\"https:\/\/vandelay.es\/wp-content\/uploads\/2025\/06\/Logo-Vandelay.png\",\"contentUrl\":\"https:\/\/vandelay.es\/wp-content\/uploads\/2025\/06\/Logo-Vandelay.png\",\"width\":1280,\"height\":1265,\"caption\":\"Vandelay\"},\"image\":{\"@id\":\"https:\/\/vandelay.es\/#\/schema\/logo\/image\/\"},\"sameAs\":[\"https:\/\/www.facebook.com\/vandelaydigitalmarketingagency\",\"https:\/\/www.instagram.com\/vandelay_agency\/\",\"https:\/\/www.linkedin.com\/company\/vandelay-digital-marketing-agency\/\"],\"email\":\"vandelay@vandelay.es\",\"telephone\":\"630 866 877\"}]}<\/script>\n<!-- \/ Yoast SEO Premium plugin. -->","yoast_head_json":{"title":"General Terms and Conditions - Vandelay","robots":{"index":"index","follow":"follow","max-snippet":"max-snippet:-1","max-image-preview":"max-image-preview:large","max-video-preview":"max-video-preview:-1"},"canonical":"https:\/\/vandelay.es\/en\/general-conditions\/","og_locale":"en_GB","og_type":"article","og_title":"Condiciones Generales","og_description":"Condiciones Generales 1. VIGENCIA Nuestros presupuestos tienen una vigencia de 15 d\u00edas desde su presentaci\u00f3n. La aceptaci\u00f3n del presupuesto se entender\u00e1 en el momento de la aprobaci\u00f3n por parte del cliente v\u00eda email o con el pago de la primera cuota acordada. Una vez est\u00e1 en curso el desarrollo del proyecto, no podr\u00e1 superarse por [&hellip;]","og_url":"https:\/\/vandelay.es\/en\/general-conditions\/","og_site_name":"Vandelay","article_publisher":"https:\/\/www.facebook.com\/vandelaydigitalmarketingagency","article_modified_time":"2025-10-27T09:00:17+00:00","twitter_card":"summary_large_image","twitter_misc":{"Estimated reading time":"3 minutes"},"schema":{"@context":"https:\/\/schema.org","@graph":[{"@type":"WebPage","@id":"https:\/\/vandelay.es\/condiciones-generales\/","url":"https:\/\/vandelay.es\/condiciones-generales\/","name":"General Terms and Conditions - Vandelay","isPartOf":{"@id":"https:\/\/vandelay.es\/#website"},"datePublished":"2025-06-30T04:26:23+00:00","dateModified":"2025-10-27T09:00:17+00:00","breadcrumb":{"@id":"https:\/\/vandelay.es\/condiciones-generales\/#breadcrumb"},"inLanguage":"en-GB","potentialAction":[{"@type":"ReadAction","target":["https:\/\/vandelay.es\/condiciones-generales\/"]}]},{"@type":"BreadcrumbList","@id":"https:\/\/vandelay.es\/condiciones-generales\/#breadcrumb","itemListElement":[{"@type":"ListItem","position":1,"name":"Inicio","item":"https:\/\/vandelay.es\/"},{"@type":"ListItem","position":2,"name":"Condiciones Generales"}]},{"@type":"WebSite","@id":"https:\/\/vandelay.es\/#website","url":"https:\/\/vandelay.es\/","name":"Vandelay","description":"Strategic digital marketing","publisher":{"@id":"https:\/\/vandelay.es\/#organization"},"potentialAction":[{"@type":"SearchAction","target":{"@type":"EntryPoint","urlTemplate":"https:\/\/vandelay.es\/?s={search_term_string}"},"query-input":{"@type":"PropertyValueSpecification","valueRequired":true,"valueName":"search_term_string"}}],"inLanguage":"en-GB"},{"@type":"Organization","@id":"https:\/\/vandelay.es\/#organization","name":"Vandelay","url":"https:\/\/vandelay.es\/","logo":{"@type":"ImageObject","inLanguage":"en-GB","@id":"https:\/\/vandelay.es\/#\/schema\/logo\/image\/","url":"https:\/\/vandelay.es\/wp-content\/uploads\/2025\/06\/Logo-Vandelay.png","contentUrl":"https:\/\/vandelay.es\/wp-content\/uploads\/2025\/06\/Logo-Vandelay.png","width":1280,"height":1265,"caption":"Vandelay"},"image":{"@id":"https:\/\/vandelay.es\/#\/schema\/logo\/image\/"},"sameAs":["https:\/\/www.facebook.com\/vandelaydigitalmarketingagency","https:\/\/www.instagram.com\/vandelay_agency\/","https:\/\/www.linkedin.com\/company\/vandelay-digital-marketing-agency\/"],"email":"vandelay@vandelay.es","telephone":"630 866 877"}]}},"_links":{"self":[{"href":"https:\/\/vandelay.es\/en\/wp-json\/wp\/v2\/pages\/549","targetHints":{"allow":["GET"]}}],"collection":[{"href":"https:\/\/vandelay.es\/en\/wp-json\/wp\/v2\/pages"}],"about":[{"href":"https:\/\/vandelay.es\/en\/wp-json\/wp\/v2\/types\/page"}],"author":[{"embeddable":true,"href":"https:\/\/vandelay.es\/en\/wp-json\/wp\/v2\/users\/1"}],"replies":[{"embeddable":true,"href":"https:\/\/vandelay.es\/en\/wp-json\/wp\/v2\/comments?post=549"}],"version-history":[{"count":10,"href":"https:\/\/vandelay.es\/en\/wp-json\/wp\/v2\/pages\/549\/revisions"}],"predecessor-version":[{"id":1938,"href":"https:\/\/vandelay.es\/en\/wp-json\/wp\/v2\/pages\/549\/revisions\/1938"}],"wp:attachment":[{"href":"https:\/\/vandelay.es\/en\/wp-json\/wp\/v2\/media?parent=549"}],"curies":[{"name":"wp","href":"https:\/\/api.w.org\/{rel}","templated":true}]}}